{"id":247,"date":"2021-12-26T23:26:13","date_gmt":"2021-12-26T23:26:13","guid":{"rendered":"http:\/\/www.salirenuruguay.com\/?page_id=247"},"modified":"2021-12-26T23:26:13","modified_gmt":"2021-12-26T23:26:13","slug":"termas-de-san-nicanor-paysandu","status":"publish","type":"page","link":"https:\/\/salirenuruguay.com\/?page_id=247","title":{"rendered":"Termas de San Nicanor (Paysand\u00fa)"},"content":{"rendered":"\n<p>Las <strong>termas de San Nicanor<\/strong> constituyen una estaci\u00f3n termal ubicada al norte del Departamento de Paysand\u00fa, Uruguay.<\/p>\n\n\n\n<p>Propiedad: Privada (Estancia Termal San Nicanor)<\/p>\n\n\n\n\n\n<h2 class=\"wp-block-heading\">Acceso<\/h2>\n\n\n\n<div class=\"wp-block-image\"><figure class=\"alignright size-full\"><a href=\"http:\/\/www.salirenuruguay.com\/wp-content\/uploads\/2021\/12\/Localizacion-Termas-San-Nicanor-Uruguay-SalirEnUruguay.com_.png\"><img decoding=\"async\" src=\"http:\/\/www.salirenuruguay.com\/wp-content\/uploads\/2021\/12\/Localizacion-Termas-San-Nicanor-Uruguay-SalirEnUruguay.com_.png\" alt=\"\" class=\"wp-image-360\"\/><\/a><\/figure><\/div>\n\n\n\n<p>Se accede por ruta 3 y se recorren 13 km por el Camino Tierras Coloradas antes de cruzar el l\u00edmite con el departamento de Salto.<\/p>\n\n\n\n<p>A 2 km del empalme con ruta 3, se pasa por la <a href=\"https:\/\/es.wikipedia.org\/wiki\/Gruta_del_Padre_P%C3%ADo\">Gruta del Padre P\u00edo<\/a>, importante lugar de peregrinaci\u00f3n.<\/p>\n\n\n\n<p>Para llegar a San Nicanor desde Montevideo se debe transitar por la ruta 1 y tomar la ruta 3 al llegar al empalme existente en el km 67.<\/p>\n\n\n\n<p>Quienes llegan desde Argentina a trav\u00e9s del <a href=\"https:\/\/es.wikipedia.org\/wiki\/Puente_General_Artigas\">Puente General Artigas<\/a> ingresan a la ciudad de Paysand\u00fa, desde donde se toma la ruta 3. <\/p>\n\n\n\n<p>Viniendo desde el norte, se puede cruzar el <a href=\"https:\/\/es.wikipedia.org\/wiki\/Puente_Salto_Grande\">puente Internacional de Salto Grande<\/a>, ingresar a la ciudad de Salto (Uruguay) y salir a ruta 3.<\/p>\n\n\n\n<p>Desde Brasil, se puede ingresar al departamento de Rivera (Uruguay) desde ruta 158 (Brasil), continuar por rutas uruguayas 5 y 26 hasta la ruta 3. <\/p>\n\n\n\n<p>O se puede ingresar a Artigas (Uruguay) transitando desde ruta 472 (Brasil) y tomar ruta 3 hacia el sur.<\/p>\n\n\n\n<p><\/p>\n\n\n\n<h2 class=\"wp-block-heading\"><strong>Propiedades de las aguas termales<\/strong><\/h2>\n\n\n\n<p>Las aguas termales son extra\u00eddas de 1104 m de profundidad, tienen aspecto cristalino, propiedades terap\u00e9uticas y una temperatura de 40\u00ba.<\/p>\n\n\n\n<p>Son de agua dulce, proveniente del <a href=\"https:\/\/es.wikipedia.org\/wiki\/Acu%C3%ADfero_Guaran%C3%AD\">acu\u00edfero Guaran\u00ed<\/a>, al igual que las dem\u00e1s fuentes termales de la zona noroeste de Uruguay.<\/p>\n\n\n\n<p><\/p>\n\n\n\n<p><\/p>\n\n\n\n<h2 class=\"wp-block-heading\">El Complejo<\/h2>\n\n\n\n<p>Las termas son propiedad privada y est\u00e1n ubicadas en la Estancia Termal San Nicanor: En el casco de la estancia se encuentra el \u00e1rea administrativa, alojamiento y piscina. <\/p>\n\n\n\n<p>Otras dos piletas se encuentran en la zona de camping y de visita durante el d\u00eda, los fines de semana. <\/p>\n\n\n\n<p>El entorno, totalmente natural, es una reserva ecol\u00f3gica.<\/p>\n\n\n\n<p>Son 860 hect\u00e1reas de campo natural y bosques m\u00e1s cuatro lagos artificiales.<\/p>\n\n\n\n<p>Adem\u00e1s de relajantes piletas termales, el complejo cuenta con un parador y\u00a0un camping de excelente categor\u00eda, con parcelas independientes y amplias, servicios de agua potable, energ\u00eda el\u00e9ctrica y parrillero. <\/p>\n\n\n\n<p>Tambi\u00e9n cuenta con restor\u00e1n, minimercado y un enorme tinglado con mesas de madera. Los vestuarios brindan servicios las 24 horas y est\u00e1n abastecidos con agua termal.<\/p>\n\n\n\n<p>Las <strong>dos piscinas termales<\/strong> de San Nicanor pueden utilizarse de d\u00eda y de noche, ofreciendo sus beneficios para la salud y el relax.\u00a0<\/p>\n\n\n\n<p>El agua termal de esta zona es cristalina y tiene una temperatura entre 37 y 40\u00baC. Son aguas ideales para la balneoterapia, tratamiento de ba\u00f1os que permite aprovechar de la mejor manera los beneficios curativos y relajantes de las termas. <\/p>\n\n\n\n<p>La frecuencia y duraci\u00f3n de los ba\u00f1os difiere seg\u00fan la afecci\u00f3n a tratar. <\/p>\n\n\n\n<p>Las sesiones de balnoterapia proporcionan un completo relax, convirtiendo las vacaciones termales en verdaderas curas anti-estr\u00e9s.<\/p>\n\n\n\n<p><\/p>\n\n\n\n<h2 class=\"wp-block-heading\"><strong>CONTACTO de Termas de San Nicanor:<\/strong><\/h2>\n\n\n\n<ul class=\"wp-block-list\"><li><img loading=\"lazy\" decoding=\"async\" width=\"12\" height=\"13\" src=\"https:\/\/www.welcomeuruguay.com\/termas\/img\/cel.gif\">00598 72 28526 (Tel\u00e9fono de Termas San Nicanor)<\/li><li>Correo termas San Nicanor:<a href=\"mailto:estanciasannicanor@hotmail.com\">estanciasannicanor@hotmail.com<\/a><\/li><\/ul>\n\n\n\n<p><\/p>\n\n\n\n<h2 class=\"wp-block-heading\"><strong>FUENTES:<\/strong><\/h2>\n\n\n\n<ul class=\"wp-block-list\"><li>https:\/\/es.wikipedia.org\/wiki\/Termas_de_San_Nicanor<\/li><li>http:\/\/www.viajeauruguay.com\/termas-de-san-nicanor\/las-termas-de-san-nicanor-en-paysandu.php<\/li><\/ul>\n\n\n\n<p>&#8211;<\/p>\n","protected":false},"excerpt":{"rendered":"<p>Las termas de San Nicanor constituyen una estaci\u00f3n termal ubicada al norte del Departamento de Paysand\u00fa, Uruguay. Propiedad: Privada (Estancia Termal San Nicanor) Acceso Se accede por ruta 3 y se recorren 13 km por el Camino Tierras Coloradas antes de cruzar el l\u00edmite con el departamento de Salto. A 2 km del empalme con [&hellip;]<\/p>\n","protected":false},"author":1,"featured_media":0,"parent":226,"menu_order":0,"comment_status":"closed","ping_status":"closed","template":"","meta":{"footnotes":""},"class_list":["post-247","page","type-page","status-publish","hentry"],"_links":{"self":[{"href":"https:\/\/salirenuruguay.com\/index.php?rest_route=\/wp\/v2\/pages\/247","targetHints":{"allow":["GET"]}}],"collection":[{"href":"https:\/\/salirenuruguay.com\/index.php?rest_route=\/wp\/v2\/pages"}],"about":[{"href":"https:\/\/salirenuruguay.com\/index.php?rest_route=\/wp\/v2\/types\/page"}],"author":[{"embeddable":true,"href":"https:\/\/salirenuruguay.com\/index.php?rest_route=\/wp\/v2\/users\/1"}],"replies":[{"embeddable":true,"href":"https:\/\/salirenuruguay.com\/index.php?rest_route=%2Fwp%2Fv2%2Fcomments&post=247"}],"version-history":[{"count":0,"href":"https:\/\/salirenuruguay.com\/index.php?rest_route=\/wp\/v2\/pages\/247\/revisions"}],"up":[{"embeddable":true,"href":"https:\/\/salirenuruguay.com\/index.php?rest_route=\/wp\/v2\/pages\/226"}],"wp:attachment":[{"href":"https:\/\/salirenuruguay.com\/index.php?rest_route=%2Fwp%2Fv2%2Fmedia&parent=247"}],"curies":[{"name":"wp","href":"https:\/\/api.w.org\/{rel}","templated":true}]}}