{"id":261,"date":"2021-12-23T13:33:43","date_gmt":"2021-12-23T13:33:43","guid":{"rendered":"http:\/\/www.salirenuruguay.com\/?page_id=261"},"modified":"2021-12-23T13:33:43","modified_gmt":"2021-12-23T13:33:43","slug":"lugares-turisticos","status":"publish","type":"page","link":"https:\/\/salirenuruguay.com\/?page_id=261","title":{"rendered":"LUGARES TUR\u00cdSTICOS"},"content":{"rendered":"\n<p>Lista de Lugares con alg\u00fan inter\u00e9s tur\u00edsticos.<\/p>\n\n\n\n<h3 class=\"wp-block-heading\"><strong><a href=\"http:\/\/www.salirenuruguay.com\/lugares-turisticos\/balneario-don-ricardo-flores\/\" target=\"_blank\" rel=\"noreferrer noopener\">Balneario Don Ricardo (Flores)<\/a><\/strong><\/h3>\n\n\n\n<p>-Villa Ansina (Tacuaremb\u00f3)<\/p>\n\n\n\n<p>-Parque Rivera (Cerro Largo)<\/p>\n\n\n\n<p>-25 de Agosto &#8211; (Florida)<\/p>\n\n\n\n<p>Balneario La Concordia (Soriano)<\/p>\n\n\n\n<p>&#8211;<\/p>\n\n\n\n<p>*A completar<\/p>\n\n\n\n<p>&#8211;<\/p>\n\n\n\n<p>&#8211;<\/p>\n\n\n\n<p>&#8211;<\/p>\n\n\n\n<p>&#8211;<\/p>\n\n\n\n<p>&#8211;<\/p>\n\n\n\n<p>&#8211;<\/p>\n\n\n\n<p>&#8211;<\/p>\n","protected":false},"excerpt":{"rendered":"<p>Lista de Lugares con alg\u00fan inter\u00e9s tur\u00edsticos. Balneario Don Ricardo (Flores) -Villa Ansina (Tacuaremb\u00f3) -Parque Rivera (Cerro Largo) -25 de Agosto &#8211; (Florida) Balneario La Concordia (Soriano) &#8211; *A completar &#8211; &#8211; &#8211; &#8211; &#8211; &#8211; &#8211;<\/p>\n","protected":false},"author":1,"featured_media":0,"parent":0,"menu_order":0,"comment_status":"closed","ping_status":"closed","template":"","meta":{"footnotes":""},"class_list":["post-261","page","type-page","status-publish","hentry"],"_links":{"self":[{"href":"https:\/\/salirenuruguay.com\/index.php?rest_route=\/wp\/v2\/pages\/261","targetHints":{"allow":["GET"]}}],"collection":[{"href":"https:\/\/salirenuruguay.com\/index.php?rest_route=\/wp\/v2\/pages"}],"about":[{"href":"https:\/\/salirenuruguay.com\/index.php?rest_route=\/wp\/v2\/types\/page"}],"author":[{"embeddable":true,"href":"https:\/\/salirenuruguay.com\/index.php?rest_route=\/wp\/v2\/users\/1"}],"replies":[{"embeddable":true,"href":"https:\/\/salirenuruguay.com\/index.php?rest_route=%2Fwp%2Fv2%2Fcomments&post=261"}],"version-history":[{"count":0,"href":"https:\/\/salirenuruguay.com\/index.php?rest_route=\/wp\/v2\/pages\/261\/revisions"}],"wp:attachment":[{"href":"https:\/\/salirenuruguay.com\/index.php?rest_route=%2Fwp%2Fv2%2Fmedia&parent=261"}],"curies":[{"name":"wp","href":"https:\/\/api.w.org\/{rel}","templated":true}]}}