{"id":362,"date":"2023-01-05T03:01:10","date_gmt":"2023-01-05T03:01:10","guid":{"rendered":"http:\/\/www.salirenuruguay.com\/?page_id=362"},"modified":"2023-01-05T03:01:10","modified_gmt":"2023-01-05T03:01:10","slug":"balneario-don-ricardo-flores","status":"publish","type":"page","link":"https:\/\/salirenuruguay.com\/?page_id=362","title":{"rendered":"Balneario Don Ricardo (Flores)"},"content":{"rendered":"\n<p>Don Ricardo, Puente Porongos, Arroyo Porongos, Balneario Don Ricardo, Camping Don Ricardo<\/p>\n\n\n\n<p>Sobre el arroyo Porongos en el departamento de Flores.<\/p>\n\n\n\n<h2 class=\"wp-block-heading\"><strong>UBICACI\u00d3N: <\/strong><\/h2>\n\n\n\n<p>Departamento de Flores<\/p>\n\n\n\n<h2 class=\"wp-block-heading\">DIRECCI\u00d3N:<\/h2>\n\n\n\n<p>C\u00f3mo llegar? <\/p>\n\n\n\n<p>Desde Montevideo, por ruta 5 hasta Durazno y luego tomar la ruta 14. O salir por Ruta 1, luego tomar la ruta 3 hasta Trinidad y luego por la 14.<\/p>\n\n\n\n<h2 class=\"wp-block-heading\">POSICI\u00d3N en MAPA:<\/h2>\n\n\n<div class=\"wp-block-image\">\n<figure class=\"aligncenter size-large\"><a href=\"http:\/\/www.salirenuruguay.com\/wp-content\/uploads\/2023\/01\/mapa-BalnearioDonRicardo-salirenuruguay.com_.png\"><img decoding=\"async\" src=\"http:\/\/www.salirenuruguay.com\/wp-content\/uploads\/2023\/01\/mapa-BalnearioDonRicardo-salirenuruguay.com_-1024x478.png\" alt=\"\" class=\"wp-image-519\"\/><\/a><\/figure>\n<\/div>\n\n\n<p><a href=\"https:\/\/www.google.com\/maps\/place\/Balneario+Don+Ricardo\/@-33.5273409,-56.8847062,12z\/data=!4m5!3m4!1s0x0:0xfb031b717e9631f9!8m2!3d-33.4810354!4d-56.8197538\" target=\"_blank\" rel=\"noreferrer noopener\">https:\/\/www.google.com\/maps\/place\/Balneario+Don+Ricardo\/@-33.5273409,-56.8847062,12z\/data=!4m5!3m4!1s0x0:0xfb031b717e9631f9!8m2!3d-33.4810354!4d-56.8197538<\/a><\/p>\n\n\n\n<h2 class=\"wp-block-heading\">SERVICIOS:<\/h2>\n\n\n\n<ul class=\"wp-block-list\">\n<li>Agua: SI<\/li>\n\n\n\n<li>Duchas: SI<\/li>\n\n\n\n<li>Luz:SI<\/li>\n\n\n\n<li><\/li>\n<\/ul>\n\n\n\n<h2 class=\"wp-block-heading\">COSTOS: <\/h2>\n\n\n\n<ul class=\"wp-block-list\">\n<li>Gratis<\/li>\n<\/ul>\n\n\n\n<h2 class=\"wp-block-heading\">CONTACTO:  <\/h2>\n\n\n\n<ul class=\"wp-block-list\">\n<li>4364 2210<\/li>\n<\/ul>\n\n\n\n<p>&#8211;<\/p>\n","protected":false},"excerpt":{"rendered":"<p>Don Ricardo, Puente Porongos, Arroyo Porongos, Balneario Don Ricardo, Camping Don Ricardo Sobre el arroyo Porongos en el departamento de Flores. UBICACI\u00d3N: Departamento de Flores DIRECCI\u00d3N: C\u00f3mo llegar? Desde Montevideo, por ruta 5 hasta Durazno y luego tomar la ruta 14. O salir por Ruta 1, luego tomar la ruta 3 hasta Trinidad y luego [&hellip;]<\/p>\n","protected":false},"author":1,"featured_media":0,"parent":261,"menu_order":0,"comment_status":"closed","ping_status":"closed","template":"","meta":{"footnotes":""},"class_list":["post-362","page","type-page","status-publish","hentry"],"_links":{"self":[{"href":"https:\/\/salirenuruguay.com\/index.php?rest_route=\/wp\/v2\/pages\/362","targetHints":{"allow":["GET"]}}],"collection":[{"href":"https:\/\/salirenuruguay.com\/index.php?rest_route=\/wp\/v2\/pages"}],"about":[{"href":"https:\/\/salirenuruguay.com\/index.php?rest_route=\/wp\/v2\/types\/page"}],"author":[{"embeddable":true,"href":"https:\/\/salirenuruguay.com\/index.php?rest_route=\/wp\/v2\/users\/1"}],"replies":[{"embeddable":true,"href":"https:\/\/salirenuruguay.com\/index.php?rest_route=%2Fwp%2Fv2%2Fcomments&post=362"}],"version-history":[{"count":0,"href":"https:\/\/salirenuruguay.com\/index.php?rest_route=\/wp\/v2\/pages\/362\/revisions"}],"up":[{"embeddable":true,"href":"https:\/\/salirenuruguay.com\/index.php?rest_route=\/wp\/v2\/pages\/261"}],"wp:attachment":[{"href":"https:\/\/salirenuruguay.com\/index.php?rest_route=%2Fwp%2Fv2%2Fmedia&parent=362"}],"curies":[{"name":"wp","href":"https:\/\/api.w.org\/{rel}","templated":true}]}}